{"id":541,"date":"2011-06-05T23:09:31","date_gmt":"2011-06-05T21:09:31","guid":{"rendered":"http:\/\/www.berlin-suedwest.de\/breslauer-platz\/?page_id=541"},"modified":"2019-11-15T14:34:51","modified_gmt":"2019-11-15T13:34:51","slug":"wir-haben-ein-konto","status":"publish","type":"page","link":"http:\/\/www.berlin-suedwest.de\/breslauer-platz\/?page_id=541","title":{"rendered":"Wir haben ein Konto \u2026"},"content":{"rendered":"<p>\u2026 und darauf kann nun endlich eingezahlt werden!<\/p>\n<p>Wir sammeln hier <strong>Geld<\/strong> f\u00fcr neue B\u00e4ume, sch\u00f6ne B\u00e4nke, sch\u00f6ne Stadtm\u00f6bel (Lampen,\u00a0Fahrradst\u00e4nder, Papierk\u00f6rbe usw)<\/p>\n<p><a href=\"http:\/\/www.berlin-suedwest.de\/breslauer-platz\/wp-content\/uploads\/2011\/02\/Finanzen1-e1298499472409.jpg\"><img loading=\"lazy\" decoding=\"async\" class=\"alignnone wp-image-159 size-medium\" title=\"Finanzen\" src=\"http:\/\/www.berlin-suedwest.de\/breslauer-platz\/wp-content\/uploads\/2011\/02\/Finanzen1-300x225.jpg\" alt=\"\" width=\"300\" height=\"225\" \/><\/a><\/p>\n<p>Das Budget f\u00fcr die Neugestaltung reicht h\u00f6chstwahrscheinlich nur f\u00fcr das neue Pflaster!<\/p>\n<p><span style=\"font-size: 18px; color: #000000; line-height: 27px;\">Spendenkonto der BI Breslauer Platz<\/span><\/p>\n<p><span style=\"color: #ff0000;\"><strong>Neue Kontonummer!<\/strong><\/span><\/p>\n<div>\n<p>Kontoinhaber: \u201eElfert \/ Kassenwart Initiative Breslauer Platz e. V.\u201c<br \/>\nBank: PSD-Bank Berlin-Brandenburg<br \/>\nIBAN : DE10 1009 0900 1716 1236 00<br \/>\nBIC : GENODEF1P01<\/p>\n<\/div>\n","protected":false},"excerpt":{"rendered":"<p>\u2026 und darauf kann nun endlich eingezahlt werden! Wir sammeln hier Geld f\u00fcr neue B\u00e4ume, sch\u00f6ne B\u00e4nke, sch\u00f6ne Stadtm\u00f6bel (Lampen,\u00a0Fahrradst\u00e4nder, Papierk\u00f6rbe usw) Das Budget f\u00fcr die Neugestaltung reicht h\u00f6chstwahrscheinlich nur f\u00fcr das neue Pflaster! Spendenkonto der BI Breslauer Platz Neue &hellip; <a href=\"http:\/\/www.berlin-suedwest.de\/breslauer-platz\/?page_id=541\">Weiterlesen <span class=\"meta-nav\">&rarr;<\/span><\/a><\/p>\n","protected":false},"author":2,"featured_media":0,"parent":0,"menu_order":2,"comment_status":"closed","ping_status":"open","template":"","meta":{"footnotes":""},"class_list":["post-541","page","type-page","status-publish","hentry"],"_links":{"self":[{"href":"http:\/\/www.berlin-suedwest.de\/breslauer-platz\/index.php?rest_route=\/wp\/v2\/pages\/541","targetHints":{"allow":["GET"]}}],"collection":[{"href":"http:\/\/www.berlin-suedwest.de\/breslauer-platz\/index.php?rest_route=\/wp\/v2\/pages"}],"about":[{"href":"http:\/\/www.berlin-suedwest.de\/breslauer-platz\/index.php?rest_route=\/wp\/v2\/types\/page"}],"author":[{"embeddable":true,"href":"http:\/\/www.berlin-suedwest.de\/breslauer-platz\/index.php?rest_route=\/wp\/v2\/users\/2"}],"replies":[{"embeddable":true,"href":"http:\/\/www.berlin-suedwest.de\/breslauer-platz\/index.php?rest_route=%2Fwp%2Fv2%2Fcomments&post=541"}],"version-history":[{"count":18,"href":"http:\/\/www.berlin-suedwest.de\/breslauer-platz\/index.php?rest_route=\/wp\/v2\/pages\/541\/revisions"}],"predecessor-version":[{"id":1683,"href":"http:\/\/www.berlin-suedwest.de\/breslauer-platz\/index.php?rest_route=\/wp\/v2\/pages\/541\/revisions\/1683"}],"wp:attachment":[{"href":"http:\/\/www.berlin-suedwest.de\/breslauer-platz\/index.php?rest_route=%2Fwp%2Fv2%2Fmedia&parent=541"}],"curies":[{"name":"wp","href":"https:\/\/api.w.org\/{rel}","templated":true}]}}