{"id":289,"date":"2011-03-10T18:41:06","date_gmt":"2011-03-10T17:41:06","guid":{"rendered":"http:\/\/www.berlin-suedwest.de\/breslauer-platz\/?page_id=289"},"modified":"2014-10-20T17:22:42","modified_gmt":"2014-10-20T15:22:42","slug":"skizze-vom-kiosk","status":"publish","type":"page","link":"http:\/\/www.berlin-suedwest.de\/breslauer-platz\/?page_id=289","title":{"rendered":"Skizze vom Pavillon"},"content":{"rendered":"<p><a href=\"http:\/\/www.berlin-suedwest.de\/breslauer-platz\/wp-content\/uploads\/2011\/03\/KioskCafeskizze1.jpg\" target=\"_blank\"><img loading=\"lazy\" decoding=\"async\" class=\"size-full wp-image-290 alignnone\" title=\"KioskCafeskizze\" src=\"http:\/\/www.berlin-suedwest.de\/breslauer-platz\/wp-content\/uploads\/2011\/03\/KioskCafeskizze1.jpg\" alt=\"\" width=\"550\" height=\"400\" \/><\/a><\/p>\n<p>[table id=1 \/]<\/p>\n<p><strong>KURZ-INFORMATION ZUM PAVILLON<\/strong><\/p>\n<p>der gl\u00e4serne Pavillon steht als Verkehrsbauwerk ohne eigenes Grundst\u00fcck\u00a0 im \u201e\u00f6ffentlichen\u201c Stra\u00dfenland!<\/p>\n<p>Gebaut 1929 als Nachfolgebau f\u00fcr eine \u201eBed\u00fcrfnisanstalt\u201c\u00a0 des Marktplatzes\u00a0 f\u00fcr den wichtigen<br \/>\nStra\u00dfenbahn- und Bushaltepunkt, BVG Bedienstete, Fahrg\u00e4ste und Marktleute- und deren Besucher. Mit einer unterirdischen Toilettenanlage und\u00a0 Kiosk-, Imbiss- und Warter\u00e4umen im Erdgeschoss, steht dieses Bauwerk heute unter Denkmalschutz.<\/p>\n<p>Es ist jedoch vernachl\u00e4ssigt und verf\u00e4llt &#8211;\u00a0 ein bauf\u00e4lliges Oberlicht ist seit gut 2 Jahren\u00a0 mit einer Absperrung umgeben und mit Platten provisorisch abgedeckt.<\/p>\n<p>Im Zuge der Platzneupflasterung m\u00fcssen nun Bauwerkteile und Oberlichter unabdingbar saniert werden.<\/p>\n<p>Durch das Eigenbetriebsgesetz des Senats von\u00a0 Berlin ist die Anlage seit 1993 in H\u00e4nden der BVG.<br \/>\nDie zugeh\u00f6rigen Toiletten sind seit dieser Zeit ersatzlos geschlossen worden \u2013 die dem Platz wesentliche \u201edienende\u201c Funktion\u00a0 (bauliches Kriterium f\u00fcr einen Verkehrsbau!) wurde aufgegeben.<\/p>\n<p>Das gl\u00e4serne Obergeschoss soll in Kiosk, Wartenische mit Bank, Bistro und Servicebereich umstrukturiert werden. Die bisher schmucklose R\u00fcckseite soll zum Marktplatz hin mit T\u00fcren ge\u00f6ffnet werden und so eine neue Bedeutung erhalten.<\/p>\n<p>Damit wird der Pavillon zusammen mit einem Sitzareal und einem Wasserstellenplatz zum neuen optischen und funktionalen Mittelpunkt der Markt-Aufstellung. Durch die Schlie\u00dfung der Lauterstra\u00dfe f\u00fcr den Autoverkehr vergr\u00f6\u00dfert sich die Nutzungsfl\u00e4che des Breslauer Platzes f\u00fcr den Marktbetrieb, den B\u00fcrgern und Marktbesucher.<\/p>\n<p>Dem Marktplatz, sowie der Haltestelle, als auch dem Bistro und dem Zeitungskiosk fehlen zum hygienisch- und standardgerechten Betrieb eine zugeordnete Toilette\u00a0 &#8211;\u00a0 daher muss im Zuge der Platzerneuerung mindestens\u00a0 eine kleine WC-Anlage\u00a0 wieder hergestellt werden\u00a0 (1 Damen, 1 Herren, 1 Urinal).<br \/>\nHierf\u00fcr reicht die Fl\u00e4che zwischen den Treppenpodesten v\u00f6llig aus!<\/p>\n<p>Die \u00fcbrigen f\u00fcnf, durch Glasoberlichter taghellen Kellerr\u00e4ume von insgesamt 65 qm, sollen durch \u00d6ffnung von W\u00e4nden als Aktionsr\u00e4ume einer Friedenau-offenen \u201eKulturhaltestelle\u201c\u00a0 mit einfachen Mitteln\u00a0 instandgesetzt werden.<\/p>\n<p>Diese R\u00e4ume sollen dem \u201eTr\u00e4gerverein Kulturhaltestelle\u201c\u00a0 \u00fcberlassen werden. Die weitere Ausgestaltung als Ausstellungs- und Begegnungsst\u00e4tte soll durch diesen Verein in Zusammenwirken mit den Kulturschaffenden Friedenaus, freien Ateliers,\u00a0 Schriftsteller, Photographen\u00a0 und engagierte B\u00fcrger geleistet werden.<\/p>\n<p>Marktgeschehen, Zeitungs-Kiosk, Bistro und Kulturraum\u00a0 b\u00fcndeln sich damit im und unter dem Pavillon und bilden einen vitalen\u00a0 Mittelpunkt mit vielf\u00e4ltigen Synergie-Effekten eines jeden Mitwirkenden mit den Anderen.<\/p>\n<p>Eine 1A-Lage wird zu aller Vorteil 1A genutzt!!!<\/p>\n","protected":false},"excerpt":{"rendered":"<p>[table id=1 \/] KURZ-INFORMATION ZUM PAVILLON der gl\u00e4serne Pavillon steht als Verkehrsbauwerk ohne eigenes Grundst\u00fcck\u00a0 im \u201e\u00f6ffentlichen\u201c Stra\u00dfenland! Gebaut 1929 als Nachfolgebau f\u00fcr eine \u201eBed\u00fcrfnisanstalt\u201c\u00a0 des Marktplatzes\u00a0 f\u00fcr den wichtigen Stra\u00dfenbahn- und Bushaltepunkt, BVG Bedienstete, Fahrg\u00e4ste und Marktleute- und deren &hellip; <a href=\"http:\/\/www.berlin-suedwest.de\/breslauer-platz\/?page_id=289\">Weiterlesen <span class=\"meta-nav\">&rarr;<\/span><\/a><\/p>\n","protected":false},"author":2,"featured_media":0,"parent":260,"menu_order":0,"comment_status":"closed","ping_status":"open","template":"","meta":{"footnotes":""},"class_list":["post-289","page","type-page","status-publish","hentry"],"_links":{"self":[{"href":"http:\/\/www.berlin-suedwest.de\/breslauer-platz\/index.php?rest_route=\/wp\/v2\/pages\/289","targetHints":{"allow":["GET"]}}],"collection":[{"href":"http:\/\/www.berlin-suedwest.de\/breslauer-platz\/index.php?rest_route=\/wp\/v2\/pages"}],"about":[{"href":"http:\/\/www.berlin-suedwest.de\/breslauer-platz\/index.php?rest_route=\/wp\/v2\/types\/page"}],"author":[{"embeddable":true,"href":"http:\/\/www.berlin-suedwest.de\/breslauer-platz\/index.php?rest_route=\/wp\/v2\/users\/2"}],"replies":[{"embeddable":true,"href":"http:\/\/www.berlin-suedwest.de\/breslauer-platz\/index.php?rest_route=%2Fwp%2Fv2%2Fcomments&post=289"}],"version-history":[{"count":11,"href":"http:\/\/www.berlin-suedwest.de\/breslauer-platz\/index.php?rest_route=\/wp\/v2\/pages\/289\/revisions"}],"predecessor-version":[{"id":1413,"href":"http:\/\/www.berlin-suedwest.de\/breslauer-platz\/index.php?rest_route=\/wp\/v2\/pages\/289\/revisions\/1413"}],"up":[{"embeddable":true,"href":"http:\/\/www.berlin-suedwest.de\/breslauer-platz\/index.php?rest_route=\/wp\/v2\/pages\/260"}],"wp:attachment":[{"href":"http:\/\/www.berlin-suedwest.de\/breslauer-platz\/index.php?rest_route=%2Fwp%2Fv2%2Fmedia&parent=289"}],"curies":[{"name":"wp","href":"https:\/\/api.w.org\/{rel}","templated":true}]}}