{"id":19,"date":"2011-01-27T21:20:08","date_gmt":"2011-01-27T20:20:08","guid":{"rendered":"http:\/\/www.berlin-suedwest.de\/breslauer-platz\/?page_id=19"},"modified":"2014-10-20T17:22:42","modified_gmt":"2014-10-20T15:22:42","slug":"dokumente-konzepte-gutachten-usw","status":"publish","type":"page","link":"http:\/\/www.berlin-suedwest.de\/breslauer-platz\/?page_id=19","title":{"rendered":"Dokumente"},"content":{"rendered":"<p><a href=\"http:\/\/www.berlin-suedwest.de\/breslauer-platz\/wp-content\/uploads\/2011\/08\/BI-BreslauerPlatz1108.pdf\">Flyer BI-BreslauerPlatz Stand August 2011<\/a> [PDF, 100 kb]<\/p>\n<p><a href=\"http:\/\/www.berlin-suedwest.de\/breslauer-platz\/wp-content\/uploads\/2011\/07\/PavillonUG-Raumkonzept0001.pdf\" target=\"_blank\"><img loading=\"lazy\" decoding=\"async\" class=\"alignnone size-full wp-image-587\" title=\"PavillonUG-Raumkonzept\" src=\"http:\/\/www.berlin-suedwest.de\/breslauer-platz\/wp-content\/uploads\/2011\/07\/PavillonUG-Raumkonzept.jpg\" alt=\"\" width=\"450\" height=\"327\" srcset=\"http:\/\/www.berlin-suedwest.de\/breslauer-platz\/wp-content\/uploads\/2011\/07\/PavillonUG-Raumkonzept.jpg 450w, http:\/\/www.berlin-suedwest.de\/breslauer-platz\/wp-content\/uploads\/2011\/07\/PavillonUG-Raumkonzept-300x218.jpg 300w\" sizes=\"auto, (max-width: 450px) 100vw, 450px\" \/><br \/>\nPlan f\u00fcr eine kulturelle Nutzung des Untergeschosses des Pavillons auf dem Breslauer Platz<\/a><\/p>\n<p><a href=\"http:\/\/www.berlin-suedwest.de\/breslauer-platz\/wp-content\/uploads\/2011\/07\/kioskbestand0001.pdf\" target=\"_blank\"><img loading=\"lazy\" decoding=\"async\" class=\"alignnone size-full wp-image-588\" title=\"kioskbestand\" src=\"http:\/\/www.berlin-suedwest.de\/breslauer-platz\/wp-content\/uploads\/2011\/07\/kioskbestand.jpg\" alt=\"\" width=\"450\" height=\"268\" srcset=\"http:\/\/www.berlin-suedwest.de\/breslauer-platz\/wp-content\/uploads\/2011\/07\/kioskbestand.jpg 450w, http:\/\/www.berlin-suedwest.de\/breslauer-platz\/wp-content\/uploads\/2011\/07\/kioskbestand-300x178.jpg 300w\" sizes=\"auto, (max-width: 450px) 100vw, 450px\" \/><br \/>\nBestandszeichnung Pavillon Breslauer Platz<\/a><\/p>\n<p><a href=\"http:\/\/www.berlin-suedwest.de\/breslauer-platz\/wp-content\/uploads\/2011\/07\/KioskbestSchnitt.pdf\" target=\"_blank\"><img loading=\"lazy\" decoding=\"async\" class=\"alignnone size-full wp-image-589\" title=\"KioskbestSchnitt\" src=\"http:\/\/www.berlin-suedwest.de\/breslauer-platz\/wp-content\/uploads\/2011\/07\/KioskbestSchnitt.jpg\" alt=\"\" width=\"450\" height=\"432\" srcset=\"http:\/\/www.berlin-suedwest.de\/breslauer-platz\/wp-content\/uploads\/2011\/07\/KioskbestSchnitt.jpg 450w, http:\/\/www.berlin-suedwest.de\/breslauer-platz\/wp-content\/uploads\/2011\/07\/KioskbestSchnitt-300x288.jpg 300w\" sizes=\"auto, (max-width: 450px) 100vw, 450px\" \/><br \/>\nSchnitt Kiosk (Bestand)<\/a><\/p>\n<p><strong><span style=\"font-weight: normal;\">Beispiele f\u00fcr Trinkbrunnen:<a href=\"http:\/\/www.berlin-suedwest.de\/breslauer-platz\/wp-content\/uploads\/2011\/01\/Trinkbrunnen-Beispiel.png\"><img loading=\"lazy\" decoding=\"async\" class=\"alignleft size-full wp-image-387\" title=\"Trinkbrunnen Beispiel\" src=\"http:\/\/www.berlin-suedwest.de\/breslauer-platz\/wp-content\/uploads\/2011\/01\/Trinkbrunnen-Beispiel.png\" alt=\"\" width=\"671\" height=\"818\" srcset=\"http:\/\/www.berlin-suedwest.de\/breslauer-platz\/wp-content\/uploads\/2011\/01\/Trinkbrunnen-Beispiel.png 671w, http:\/\/www.berlin-suedwest.de\/breslauer-platz\/wp-content\/uploads\/2011\/01\/Trinkbrunnen-Beispiel-246x300.png 246w\" sizes=\"auto, (max-width: 671px) 100vw, 671px\" \/><\/a><\/span><\/strong><\/p>\n<p><strong><span style=\"font-weight: normal;\"><a href=\"http:\/\/www.berlin-suedwest.de\/breslauer-platz\/wp-content\/uploads\/2011\/01\/IMG_67991.jpg\"><img loading=\"lazy\" decoding=\"async\" class=\"alignleft size-full wp-image-389\" title=\"IMG_6799&lt;\" src=\"http:\/\/www.berlin-suedwest.de\/breslauer-platz\/wp-content\/uploads\/2011\/01\/IMG_67991.jpg\" alt=\"\" width=\"394\" height=\"525\" srcset=\"http:\/\/www.berlin-suedwest.de\/breslauer-platz\/wp-content\/uploads\/2011\/01\/IMG_67991.jpg 394w, http:\/\/www.berlin-suedwest.de\/breslauer-platz\/wp-content\/uploads\/2011\/01\/IMG_67991-225x300.jpg 225w\" sizes=\"auto, (max-width: 394px) 100vw, 394px\" \/><\/a><\/span><\/strong><\/p>\n<hr style=\"height: 1px; width: 100%;\" noshade=\"noshade\" \/>\n<p><strong>Plakat der B\u00fcrgerinitiative<\/strong><\/p>\n<p>zum <a href=\"http:\/\/www.berlin-suedwest.de\/breslauer-platz\/wp-content\/uploads\/2011\/03\/PLAKATBreslauerPlatz.pdf\" target=\"_blank\">herunterladen<\/a>, ausdrucken und aufh\u00e4ngen<\/p>\n<p><img loading=\"lazy\" decoding=\"async\" title=\"PLAKATBreslauerPlatz\" src=\"http:\/\/www.berlin-suedwest.de\/breslauer-platz\/wp-content\/uploads\/2011\/01\/PLAKATBreslauerPlatz-150x150.jpg\" alt=\"\" width=\"150\" height=\"150\" \/><\/p>\n<hr style=\"height: 1px; width: 100%;\" noshade=\"noshade\" \/>\n<p><strong>Kleine Anfragen zum Breslauer Platz<\/strong><\/p>\n<p>&nbsp;<\/p>\n<p><a href=\"http:\/\/www.berlin-suedwest.de\/breslauer-platz\/wp-content\/uploads\/2011\/01\/anfr-glowinski-100930.pdf\" target=\"_blank\">Kleine Anfrage der BV G\u00f6n\u00fcl Glowinski (FDP) \u00fcber &#8222;Umgestaltung des Breslauer Platzes &#8211; Endlich Klarheit schaffen!&#8220; vom 30.09.2010<\/a> [PDF, 370 kb]<\/p>\n<p style=\"padding-left: 30px;\"><a href=\"http:\/\/www.berlin-suedwest.de\/breslauer-platz\/wp-content\/uploads\/2011\/01\/antw-anfr-glowinski-100930-101105.pdf\" target=\"_blank\">Antwort des Bezirksstadtrats Oliver Schworck vom 05.11.2010<\/a> [PDF, 650 kb]<\/p>\n<hr style=\"height: 1px; width: 100%;\" noshade=\"noshade\" \/>\n<p><strong>Drucksachen zum Breslauer Platz aus der BVV Tempelhof-Sch\u00f6neberg<\/strong><\/p>\n<p>&nbsp;<\/p>\n<p>\u00c4nderungsantrag der CDU-Fraktion vom 21.05.2008<a href=\"http:\/\/www.berlin.de\/ba-tempelhof-schoeneberg\/bvv-online\/vo020.asp?VOLFDNR=2530&amp;options=4\"><br \/>\n0667\/XVIII\u00a0Neugestaltung des Breslauer Platzes mit Beteiligung von B\u00fcrgerinnen und  B\u00fcrgern und Gewerbetreibenden<\/a><\/p>\n<p>\u00c4nderungsantrag der SPD-Fraktion vom 13.5.2008<a href=\"http:\/\/www.berlin.de\/ba-tempelhof-schoeneberg\/bvv-online\/vo020.asp?VOLFDNR=2549&amp;options=4\"><br \/>\n0686\/XVIII\u00a0B\u00fcrgerinnen, B\u00fcrger und Gewerbetreibende an den Pl\u00e4nen zur Umgestaltung des Breslauer Platzes beteiligen<\/a><\/p>\n<p>Antrag der SPD-Fraktion vom 07.11.2005<br \/>\n<a href=\"http:\/\/www.berlin.de\/ba-tempelhof-schoeneberg\/bvv-online\/vo020.asp?VOLFDNR=1505&amp;options=4\">1530\/XVII\u00a0Telefonzellen auf dem Breslauer Platz entfernen<\/a><\/p>\n<p>Antrag der SPD-Fraktion vom 07.11.2005<a href=\"http:\/\/www.berlin.de\/ba-tempelhof-schoeneberg\/bvv-online\/vo020.asp?VOLFDNR=1501&amp;options=4\"><br \/>\n1526\/XVII\u00a0Haltestelle f\u00fcr die Buslinien 148 und 185 Richtung Rheinstra\u00dfe am Breslauer Platz wieder vor das Warteh\u00e4uschen verlegen<\/a><\/p>\n<hr style=\"height: 1px; width: 100%;\" noshade=\"noshade\" \/>\n<p><strong>Aus den Aussch\u00fcssen:<\/strong><\/p>\n<p>&nbsp;<\/p>\n<p><a href=\"http:\/\/www.berlin.de\/ba-tempelhof-schoeneberg\/bvv-online\/to020.asp?TOLFDNR=20561\" target=\"_blank\">32. \u00f6ffentliche Sitzung des Ausschusses f\u00fcr Umwelt, Natur und Verkehr am 22.2.2010<\/a><\/p>\n","protected":false},"excerpt":{"rendered":"<p>Flyer BI-BreslauerPlatz Stand August 2011 [PDF, 100 kb] Plan f\u00fcr eine kulturelle Nutzung des Untergeschosses des Pavillons auf dem Breslauer Platz Bestandszeichnung Pavillon Breslauer Platz Schnitt Kiosk (Bestand) Beispiele f\u00fcr Trinkbrunnen: Plakat der B\u00fcrgerinitiative zum herunterladen, ausdrucken und aufh\u00e4ngen Kleine &hellip; <a href=\"http:\/\/www.berlin-suedwest.de\/breslauer-platz\/?page_id=19\">Weiterlesen <span class=\"meta-nav\">&rarr;<\/span><\/a><\/p>\n","protected":false},"author":1,"featured_media":0,"parent":0,"menu_order":2,"comment_status":"closed","ping_status":"open","template":"","meta":{"footnotes":""},"class_list":["post-19","page","type-page","status-publish","hentry"],"_links":{"self":[{"href":"http:\/\/www.berlin-suedwest.de\/breslauer-platz\/index.php?rest_route=\/wp\/v2\/pages\/19","targetHints":{"allow":["GET"]}}],"collection":[{"href":"http:\/\/www.berlin-suedwest.de\/breslauer-platz\/index.php?rest_route=\/wp\/v2\/pages"}],"about":[{"href":"http:\/\/www.berlin-suedwest.de\/breslauer-platz\/index.php?rest_route=\/wp\/v2\/types\/page"}],"author":[{"embeddable":true,"href":"http:\/\/www.berlin-suedwest.de\/breslauer-platz\/index.php?rest_route=\/wp\/v2\/users\/1"}],"replies":[{"embeddable":true,"href":"http:\/\/www.berlin-suedwest.de\/breslauer-platz\/index.php?rest_route=%2Fwp%2Fv2%2Fcomments&post=19"}],"version-history":[{"count":23,"href":"http:\/\/www.berlin-suedwest.de\/breslauer-platz\/index.php?rest_route=\/wp\/v2\/pages\/19\/revisions"}],"predecessor-version":[{"id":1416,"href":"http:\/\/www.berlin-suedwest.de\/breslauer-platz\/index.php?rest_route=\/wp\/v2\/pages\/19\/revisions\/1416"}],"wp:attachment":[{"href":"http:\/\/www.berlin-suedwest.de\/breslauer-platz\/index.php?rest_route=%2Fwp%2Fv2%2Fmedia&parent=19"}],"curies":[{"name":"wp","href":"https:\/\/api.w.org\/{rel}","templated":true}]}}